{"id":399,"date":"2014-10-20T13:43:56","date_gmt":"2014-10-20T13:43:56","guid":{"rendered":"http:\/\/www.thewelshdresser.com\/?page_id=399"},"modified":"2019-09-20T13:56:47","modified_gmt":"2019-09-20T13:56:47","slug":"cysylltwch-a-ni","status":"publish","type":"page","link":"https:\/\/www.gweni.co.uk\/cy\/cysylltwch-a-ni\/","title":{"rendered":"Cysylltwch \u00e2 ni"},"content":{"rendered":"<p>[et_pb_section fb_built=&#8221;1&#8243; admin_label=&#8221;section&#8221; _builder_version=&#8221;3.22.3&#8243;][et_pb_row admin_label=&#8221;row&#8221; _builder_version=&#8221;3.25&#8243; background_size=&#8221;initial&#8221; background_position=&#8221;top_left&#8221; background_repeat=&#8221;repeat&#8221;][et_pb_column type=&#8221;4_4&#8243; _builder_version=&#8221;3.25&#8243; custom_padding=&#8221;|||&#8221; custom_padding__hover=&#8221;|||&#8221;][et_pb_text admin_label=&#8221;Text&#8221; _builder_version=&#8221;3.0.74&#8243; background_size=&#8221;initial&#8221; background_position=&#8221;top_left&#8221; background_repeat=&#8221;repeat&#8221;]<\/p>\n<p style=\"text-align: left;\">Os oes gennych unrhyw gwestiynau am unrhyw beth rydych wedi&#8217;i weld ar ein gwefan neu os hoffech stocio ein cynhyrchion hyfryd, cysylltwch \u00e2 ni:<\/p>\n<p style=\"text-align: left;\"><strong>E-bost:<\/strong> <a href=\"mailto:post@gweni.co.uk\">post@gweni.co.uk<\/a><\/p>\n<p style=\"text-align: left;\"><strong>Cyfeiriad:<\/strong> 42 Pwll Evan Ddu, Coity, Bridgend. \u00a0CF35 6AY<\/p>\n<p style=\"text-align: left;\"><strong>Rhif ff\u00f4n:<\/strong> 07810 523211<\/p>\n<p>[\/et_pb_text][\/et_pb_column][\/et_pb_row][\/et_pb_section]<\/p>\n","protected":false},"excerpt":{"rendered":"<p>Os oes gennych unrhyw gwestiynau am unrhyw beth rydych wedi&#8217;i weld ar ein gwefan neu os hoffech stocio ein cynhyrchion hyfryd, cysylltwch \u00e2 ni: E-bost: post@gweni.co.uk Cyfeiriad: 42 Pwll Evan Ddu, Coity, Bridgend. \u00a0CF35 6AY Rhif ff\u00f4n: 07810 523211<\/p>\n","protected":false},"author":1,"featured_media":0,"parent":0,"menu_order":0,"comment_status":"closed","ping_status":"closed","template":"","meta":{"_et_pb_use_builder":"on","_et_pb_old_content":"<p style=\"text-align: left;\">If you have any questions about anything you have seen on our site or you would like to become one of our makers, please get in touch:<\/p>\n<p style=\"text-align: left;\"><strong>e-mail:<\/strong> <a href=\"mailto:post@gweni.co.uk\">post@gweni.co.uk<\/a><\/p>\n<p style=\"text-align: left;\"><strong>address:<\/strong> 42 Pwll Evan Ddu, Coity, Bridgend. &nbsp;CF35 6AY<\/p>\n<p style=\"text-align: left;\"><strong>telephone number:<\/strong> 07810 523211<\/p>","_et_gb_content_width":"","footnotes":""},"class_list":["post-399","page","type-page","status-publish","hentry"],"yoast_head":"<!-- This site is optimized with the Yoast SEO plugin v27.4 - https:\/\/yoast.com\/product\/yoast-seo-wordpress\/ -->\n<title>Cysylltwch \u00e2 ni<\/title>\n<meta name=\"description\" content=\"Os mae gennych chi unrhyw gwestiwn am y nwyddau rydych wedi gweld ar y wefan hon, neu os hoffech ymuno a ni fel un o&#039;n cynhyrchwyr, yna pl\u00ees cysylltwch \u00e2 ni: e-bost: post@thewelshdresser.com cyfeiriad: 42 Pwll Evan Ddu, Coety, Penybont ar Ogwr, CF35 6AY ff\u00f4n: 07810 523211\" \/>\n<meta name=\"robots\" content=\"index, follow, max-snippet:-1, max-image-preview:large, max-video-preview:-1\" \/>\n<link rel=\"canonical\" href=\"https:\/\/www.gweni.co.uk\/cy\/cysylltwch-a-ni\/\" \/>\n<meta property=\"og:locale\" content=\"en_US\" \/>\n<meta property=\"og:type\" content=\"article\" \/>\n<meta property=\"og:title\" content=\"Cysylltwch \u00e2 ni\" \/>\n<meta property=\"og:description\" content=\"Os mae gennych chi unrhyw gwestiwn am y nwyddau rydych wedi gweld ar y wefan hon, neu os hoffech ymuno a ni fel un o&#039;n cynhyrchwyr, yna pl\u00ees cysylltwch \u00e2 ni: e-bost: post@thewelshdresser.com cyfeiriad: 42 Pwll Evan Ddu, Coety, Penybont ar Ogwr, CF35 6AY ff\u00f4n: 07810 523211\" \/>\n<meta property=\"og:url\" content=\"https:\/\/www.gweni.co.uk\/cy\/cysylltwch-a-ni\/\" \/>\n<meta property=\"og:site_name\" content=\"Gweni\" \/>\n<meta property=\"article:publisher\" content=\"https:\/\/www.facebook.com\/gwenicati\" \/>\n<meta property=\"article:modified_time\" content=\"2019-09-20T13:56:47+00:00\" \/>\n<meta name=\"twitter:label1\" content=\"Est. reading time\" \/>\n\t<meta name=\"twitter:data1\" content=\"1 munud\" \/>\n<script type=\"application\/ld+json\" class=\"yoast-schema-graph\">{\"@context\":\"https:\\\/\\\/schema.org\",\"@graph\":[{\"@type\":\"WebPage\",\"@id\":\"https:\\\/\\\/www.gweni.co.uk\\\/cy\\\/cysylltwch-a-ni\\\/\",\"url\":\"https:\\\/\\\/www.gweni.co.uk\\\/cy\\\/cysylltwch-a-ni\\\/\",\"name\":\"Cysylltwch \u00e2 ni\",\"isPartOf\":{\"@id\":\"https:\\\/\\\/www.gweni.co.uk\\\/cy\\\/#website\"},\"datePublished\":\"2014-10-20T13:43:56+00:00\",\"dateModified\":\"2019-09-20T13:56:47+00:00\",\"description\":\"Os mae gennych chi unrhyw gwestiwn am y nwyddau rydych wedi gweld ar y wefan hon, neu os hoffech ymuno a ni fel un o'n cynhyrchwyr, yna pl\u00ees cysylltwch \u00e2 ni: e-bost: post@thewelshdresser.com cyfeiriad: 42 Pwll Evan Ddu, Coety, Penybont ar Ogwr, CF35 6AY ff\u00f4n: 07810 523211\",\"breadcrumb\":{\"@id\":\"https:\\\/\\\/www.gweni.co.uk\\\/cy\\\/cysylltwch-a-ni\\\/#breadcrumb\"},\"inLanguage\":\"cy\",\"potentialAction\":[{\"@type\":\"ReadAction\",\"target\":[\"https:\\\/\\\/www.gweni.co.uk\\\/cy\\\/cysylltwch-a-ni\\\/\"]}]},{\"@type\":\"BreadcrumbList\",\"@id\":\"https:\\\/\\\/www.gweni.co.uk\\\/cy\\\/cysylltwch-a-ni\\\/#breadcrumb\",\"itemListElement\":[{\"@type\":\"ListItem\",\"position\":1,\"name\":\"Home\",\"item\":\"https:\\\/\\\/www.gweni.co.uk\\\/cy\\\/\"},{\"@type\":\"ListItem\",\"position\":2,\"name\":\"Cysylltwch \u00e2 ni\"}]},{\"@type\":\"WebSite\",\"@id\":\"https:\\\/\\\/www.gweni.co.uk\\\/cy\\\/#website\",\"url\":\"https:\\\/\\\/www.gweni.co.uk\\\/cy\\\/\",\"name\":\"Gweni\",\"description\":\"Canhwyllau a Thryledwyr Moethus\",\"publisher\":{\"@id\":\"https:\\\/\\\/www.gweni.co.uk\\\/cy\\\/#organization\"},\"potentialAction\":[{\"@type\":\"SearchAction\",\"target\":{\"@type\":\"EntryPoint\",\"urlTemplate\":\"https:\\\/\\\/www.gweni.co.uk\\\/cy\\\/?s={search_term_string}\"},\"query-input\":{\"@type\":\"PropertyValueSpecification\",\"valueRequired\":true,\"valueName\":\"search_term_string\"}}],\"inLanguage\":\"cy\"},{\"@type\":\"Organization\",\"@id\":\"https:\\\/\\\/www.gweni.co.uk\\\/cy\\\/#organization\",\"name\":\"Gweni\",\"url\":\"https:\\\/\\\/www.gweni.co.uk\\\/cy\\\/\",\"logo\":{\"@type\":\"ImageObject\",\"inLanguage\":\"cy\",\"@id\":\"https:\\\/\\\/www.gweni.co.uk\\\/cy\\\/#\\\/schema\\\/logo\\\/image\\\/\",\"url\":\"https:\\\/\\\/www.gweni.co.uk\\\/wp-content\\\/uploads\\\/2017\\\/11\\\/Gweni_Slate_cube.png\",\"contentUrl\":\"https:\\\/\\\/www.gweni.co.uk\\\/wp-content\\\/uploads\\\/2017\\\/11\\\/Gweni_Slate_cube.png\",\"width\":1601,\"height\":1601,\"caption\":\"Gweni\"},\"image\":{\"@id\":\"https:\\\/\\\/www.gweni.co.uk\\\/cy\\\/#\\\/schema\\\/logo\\\/image\\\/\"},\"sameAs\":[\"https:\\\/\\\/www.facebook.com\\\/gwenicati\",\"https:\\\/\\\/www.instagram.com\\\/gwenicati\\\/\"]}]}<\/script>\n<!-- \/ Yoast SEO plugin. -->","yoast_head_json":{"title":"Cysylltwch \u00e2 ni","description":"Os mae gennych chi unrhyw gwestiwn am y nwyddau rydych wedi gweld ar y wefan hon, neu os hoffech ymuno a ni fel un o'n cynhyrchwyr, yna pl\u00ees cysylltwch \u00e2 ni: e-bost: post@thewelshdresser.com cyfeiriad: 42 Pwll Evan Ddu, Coety, Penybont ar Ogwr, CF35 6AY ff\u00f4n: 07810 523211","robots":{"index":"index","follow":"follow","max-snippet":"max-snippet:-1","max-image-preview":"max-image-preview:large","max-video-preview":"max-video-preview:-1"},"canonical":"https:\/\/www.gweni.co.uk\/cy\/cysylltwch-a-ni\/","og_locale":"en_US","og_type":"article","og_title":"Cysylltwch \u00e2 ni","og_description":"Os mae gennych chi unrhyw gwestiwn am y nwyddau rydych wedi gweld ar y wefan hon, neu os hoffech ymuno a ni fel un o'n cynhyrchwyr, yna pl\u00ees cysylltwch \u00e2 ni: e-bost: post@thewelshdresser.com cyfeiriad: 42 Pwll Evan Ddu, Coety, Penybont ar Ogwr, CF35 6AY ff\u00f4n: 07810 523211","og_url":"https:\/\/www.gweni.co.uk\/cy\/cysylltwch-a-ni\/","og_site_name":"Gweni","article_publisher":"https:\/\/www.facebook.com\/gwenicati","article_modified_time":"2019-09-20T13:56:47+00:00","twitter_misc":{"Est. reading time":"1 munud"},"schema":{"@context":"https:\/\/schema.org","@graph":[{"@type":"WebPage","@id":"https:\/\/www.gweni.co.uk\/cy\/cysylltwch-a-ni\/","url":"https:\/\/www.gweni.co.uk\/cy\/cysylltwch-a-ni\/","name":"Cysylltwch \u00e2 ni","isPartOf":{"@id":"https:\/\/www.gweni.co.uk\/cy\/#website"},"datePublished":"2014-10-20T13:43:56+00:00","dateModified":"2019-09-20T13:56:47+00:00","description":"Os mae gennych chi unrhyw gwestiwn am y nwyddau rydych wedi gweld ar y wefan hon, neu os hoffech ymuno a ni fel un o'n cynhyrchwyr, yna pl\u00ees cysylltwch \u00e2 ni: e-bost: post@thewelshdresser.com cyfeiriad: 42 Pwll Evan Ddu, Coety, Penybont ar Ogwr, CF35 6AY ff\u00f4n: 07810 523211","breadcrumb":{"@id":"https:\/\/www.gweni.co.uk\/cy\/cysylltwch-a-ni\/#breadcrumb"},"inLanguage":"cy","potentialAction":[{"@type":"ReadAction","target":["https:\/\/www.gweni.co.uk\/cy\/cysylltwch-a-ni\/"]}]},{"@type":"BreadcrumbList","@id":"https:\/\/www.gweni.co.uk\/cy\/cysylltwch-a-ni\/#breadcrumb","itemListElement":[{"@type":"ListItem","position":1,"name":"Home","item":"https:\/\/www.gweni.co.uk\/cy\/"},{"@type":"ListItem","position":2,"name":"Cysylltwch \u00e2 ni"}]},{"@type":"WebSite","@id":"https:\/\/www.gweni.co.uk\/cy\/#website","url":"https:\/\/www.gweni.co.uk\/cy\/","name":"Gweni","description":"Canhwyllau a Thryledwyr Moethus","publisher":{"@id":"https:\/\/www.gweni.co.uk\/cy\/#organization"},"potentialAction":[{"@type":"SearchAction","target":{"@type":"EntryPoint","urlTemplate":"https:\/\/www.gweni.co.uk\/cy\/?s={search_term_string}"},"query-input":{"@type":"PropertyValueSpecification","valueRequired":true,"valueName":"search_term_string"}}],"inLanguage":"cy"},{"@type":"Organization","@id":"https:\/\/www.gweni.co.uk\/cy\/#organization","name":"Gweni","url":"https:\/\/www.gweni.co.uk\/cy\/","logo":{"@type":"ImageObject","inLanguage":"cy","@id":"https:\/\/www.gweni.co.uk\/cy\/#\/schema\/logo\/image\/","url":"https:\/\/www.gweni.co.uk\/wp-content\/uploads\/2017\/11\/Gweni_Slate_cube.png","contentUrl":"https:\/\/www.gweni.co.uk\/wp-content\/uploads\/2017\/11\/Gweni_Slate_cube.png","width":1601,"height":1601,"caption":"Gweni"},"image":{"@id":"https:\/\/www.gweni.co.uk\/cy\/#\/schema\/logo\/image\/"},"sameAs":["https:\/\/www.facebook.com\/gwenicati","https:\/\/www.instagram.com\/gwenicati\/"]}]}},"_links":{"self":[{"href":"https:\/\/www.gweni.co.uk\/cy\/wp-json\/wp\/v2\/pages\/399","targetHints":{"allow":["GET"]}}],"collection":[{"href":"https:\/\/www.gweni.co.uk\/cy\/wp-json\/wp\/v2\/pages"}],"about":[{"href":"https:\/\/www.gweni.co.uk\/cy\/wp-json\/wp\/v2\/types\/page"}],"author":[{"embeddable":true,"href":"https:\/\/www.gweni.co.uk\/cy\/wp-json\/wp\/v2\/users\/1"}],"replies":[{"embeddable":true,"href":"https:\/\/www.gweni.co.uk\/cy\/wp-json\/wp\/v2\/comments?post=399"}],"version-history":[{"count":14,"href":"https:\/\/www.gweni.co.uk\/cy\/wp-json\/wp\/v2\/pages\/399\/revisions"}],"predecessor-version":[{"id":6892,"href":"https:\/\/www.gweni.co.uk\/cy\/wp-json\/wp\/v2\/pages\/399\/revisions\/6892"}],"wp:attachment":[{"href":"https:\/\/www.gweni.co.uk\/cy\/wp-json\/wp\/v2\/media?parent=399"}],"curies":[{"name":"wp","href":"https:\/\/api.w.org\/{rel}","templated":true}]}}